{"id":47,"date":"2026-02-21T16:55:08","date_gmt":"2026-02-21T15:55:08","guid":{"rendered":"https:\/\/www.bilingua-ev.eu\/wordpress\/?page_id=47"},"modified":"2026-03-16T12:17:59","modified_gmt":"2026-03-16T11:17:59","slug":"%f0%9f%8e%a8-logo-wettbewerb-fuer-schuelerinnen-und-schueler","status":"publish","type":"page","link":"https:\/\/www.bilingua-ev.eu\/wordpress\/?page_id=47","title":{"rendered":"\ud83c\udfa8 Logo-Wettbewerb f\u00fcr Sch\u00fclerinnen und Sch\u00fcler"},"content":{"rendered":"\n<h3 class=\"wp-block-heading\">Gestaltet das Symbol unserer Zweisprachigkeit! <\/h3>\n\n\n\n<p>Der neue Verein Bilingua e.V.&nbsp;f\u00f6rdert das bilinguale Lernen und den kulturellen Austausch zwischen Deutschland und Italien.<\/p>\n\n\n\n<p>Jetzt suchen wir euer kreatives Talent: Gestaltet das offizielle Logo unseres Vereins!<\/p>\n\n\n\n<p>\ud83d\udd8c\ufe0f Zeigt mit Farben und Formen, wie ihr die Freundschaft zwischen Deutschland und Italien, die zweisprachige Bildung und die Verbindung unserer Kulturen seht.<\/p>\n\n\n\n<p><strong>\ud83c\udfaf Was wir suchen:<\/strong><\/p>\n\n\n\n<p>Ein fr\u00f6hliches, modernes und leicht erkennbares Logo, das Deutsch und Italienisch miteinander verbindet \u2013 so wie unser Verein.<\/p>\n\n\n\n<p><strong>\ud83d\udcc5 Einsendeschluss: 18.4.2026<\/strong><\/p>\n\n\n\n<p><br>\ud83d\udce9 Sendet euer Design an: procolino.antacido@bilingua-ev.eu<\/p>\n\n\n\n<p><strong>\ud83c\udfc6 Was gibt\u2019s zu gewinnen:<\/strong><\/p>\n\n\n\n<p>Das Siegerlogo wird offiziell verwendet und die Gewinnerin oder der Gewinnererh\u00e4lt 200\u20ac!.<\/p>\n\n\n\n<p>\ud83d\udca1 Egal ob gezeichnet, gemalt oder digital entworfen \u2013 zeigt, wie ihr Zweisprachigkeit gestaltet!<\/p>\n\n\n\n<p><strong>Hinweis<\/strong>: Der Rechtsweg ist ausgeschlossen.<\/p>\n\n\n\n<p>Das Gewinner\/die Gewinnerin tritt alle Rechte an dem Bild an Bilingua e.V. ab.<\/p>\n","protected":false},"excerpt":{"rendered":"<p>Gestaltet das Symbol unserer Zweisprachigkeit! Der neue Verein Bilingua e.V.&nbsp;f\u00f6rdert das bilinguale Lernen und den kulturellen Austausch zwischen Deutschland und Italien. Jetzt suchen wir euer kreatives Talent: Gestaltet das offizielle Logo unseres Vereins! \ud83d\udd8c\ufe0f Zeigt mit Farben und Formen, wie ihr die Freundschaft zwischen Deutschland und Italien, die zweisprachige Bildung und die Verbindung unserer Kulturen [&hellip;]<\/p>\n","protected":false},"author":1,"featured_media":0,"parent":0,"menu_order":0,"comment_status":"closed","ping_status":"closed","template":"","meta":{"footnotes":""},"class_list":["post-47","page","type-page","status-publish","hentry"],"_links":{"self":[{"href":"https:\/\/www.bilingua-ev.eu\/wordpress\/index.php?rest_route=\/wp\/v2\/pages\/47","targetHints":{"allow":["GET"]}}],"collection":[{"href":"https:\/\/www.bilingua-ev.eu\/wordpress\/index.php?rest_route=\/wp\/v2\/pages"}],"about":[{"href":"https:\/\/www.bilingua-ev.eu\/wordpress\/index.php?rest_route=\/wp\/v2\/types\/page"}],"author":[{"embeddable":true,"href":"https:\/\/www.bilingua-ev.eu\/wordpress\/index.php?rest_route=\/wp\/v2\/users\/1"}],"replies":[{"embeddable":true,"href":"https:\/\/www.bilingua-ev.eu\/wordpress\/index.php?rest_route=%2Fwp%2Fv2%2Fcomments&post=47"}],"version-history":[{"count":3,"href":"https:\/\/www.bilingua-ev.eu\/wordpress\/index.php?rest_route=\/wp\/v2\/pages\/47\/revisions"}],"predecessor-version":[{"id":109,"href":"https:\/\/www.bilingua-ev.eu\/wordpress\/index.php?rest_route=\/wp\/v2\/pages\/47\/revisions\/109"}],"wp:attachment":[{"href":"https:\/\/www.bilingua-ev.eu\/wordpress\/index.php?rest_route=%2Fwp%2Fv2%2Fmedia&parent=47"}],"curies":[{"name":"wp","href":"https:\/\/api.w.org\/{rel}","templated":true}]}}