{"id":49,"date":"2026-02-21T16:56:41","date_gmt":"2026-02-21T15:56:41","guid":{"rendered":"https:\/\/www.bilingua-ev.eu\/wordpress\/?page_id=49"},"modified":"2026-02-21T16:56:41","modified_gmt":"2026-02-21T15:56:41","slug":"giornata-dei-valori-democratici","status":"publish","type":"page","link":"https:\/\/www.bilingua-ev.eu\/wordpress\/?page_id=49","title":{"rendered":"Giornata dei valori democratici"},"content":{"rendered":"\n<p>Liebe Sch\u00fclerinnen und Sch\u00fcler, liebe Kolleginnen und Kollegen der Schulen mit bilingual deutsch-italienischer Sektion oder mit Italienischunterricht,<\/p>\n\n\n\n<p>Wir laden Sie herzlich ein zur Teilnahme an der Veranstaltung \u201eGiornata dei valori democratici\u201c am 25.03.2026 zum Thema \u201eDONNE E DIRITTI, UN PERCORSO DI\u2026\u201c .<\/p>\n\n\n\n<p>Diese Veranstaltung wird ausgerichtet von ANPI (Associazione Nazionale Partigiani d&#8217;Italia Germania) in Kooperation mit Bilingua &#8211; Verein der Freunde und F\u00f6rderer der Schulen mit zweisprachig deutsch-italienischem Zug in Deutschland e.V.<\/p>\n\n\n\n<p>Die 5. Ausgabe des Projekts steht 2026 unter dem Thema <strong>\u201eDONNE E DIRITTI, UN PERCORSO DI<\/strong>\u2026\u201c und widmet sich den Frauenrechten, inspiriert vom 80. Jahrestag des Frauenwahlrechts in Italien (1946\u20132026).<\/p>\n\n\n\n<p><strong>Alle Schulen sind aufgerufen, einen Beitrag hierzu zu leisten.<\/strong><\/p>\n\n\n\n<p>Thematische Schwerpunkte der Beitr\u00e4ge k\u00f6nnen sein:<\/p>\n\n\n\n<p>\u2022&nbsp;&nbsp;&nbsp; die zentrale Rolle von Frauen im Widerstand gegen die Nazifaschismen in Italien und Europa,<\/p>\n\n\n\n<p>\u2022&nbsp;&nbsp;&nbsp; die Bedeutung der Frauenrechte als Menschenrechte,<\/p>\n\n\n\n<p>\u2022&nbsp;&nbsp;&nbsp; der Zusammenhang zwischen Inklusion und gesellschaftlicher Gerechtigkeit,<\/p>\n\n\n\n<p>\u2022&nbsp;&nbsp;&nbsp; sowie das Erz\u00e4hlen pers\u00f6nlicher oder famili\u00e4rer Mikrogeschichten weiblicher Emanzipation in schwierigen Zeiten.<\/p>\n\n\n\n<p><strong>Pro Schule darf ein Beitrag eingereicht werden.<\/strong><\/p>\n\n\n\n<p><strong>Der Beitrag (bei Vortrag, Film, Podcast etc.) darf die L\u00e4nge von 10 Minuten nicht \u00fcberschreiten.<\/strong><\/p>\n\n\n\n<p><strong>Die Beitr\u00e4ge sollen in italienischer Sprache sein, soweit es sich um Vortr\u00e4ge, Film, Podcast etc. handelt. Deutsche Untertitel (bei Vortr\u00e4gen etwa Hintergrundslides etc.) sind willkommen.<\/strong><\/p>\n\n\n\n<p><strong>Einsendeschluss (per Email) der <\/strong>Beitr\u00e4ge ist sp\u00e4testens der <strong>8. M\u00e4rz 2026<\/strong> bei <a href=\"mailto:frankfurt-scuola@anpi-deutschland.de\">frankfurt-scuola@anpi-deutschland.de<\/a> oder <a href=\"mailto:procolino.antacido@bilingua.eu\">procolino.antacido@bilingua.eu<\/a><\/p>\n\n\n\n<p>Alle eingereichten Beitr\u00e4ge werden am 25. M\u00e4rz 2026 im Auditorium der Freiherr-vom-Stein-Schule vorgestellt. Online-Zuschaltungen sind m\u00f6glich, wenn die Sch\u00fclerinnen und Sch\u00fcler mit ihren Lehrkr\u00e4ften nicht anreisen k\u00f6nnen.<\/p>\n\n\n\n<p>Der italienische Generalkonsul und die hessische Staatssekret\u00e4rin f\u00fcr Bundes- und Europaangelegenheiten sind als Ehreng\u00e4ste angefragt.<\/p>\n\n\n\n<p>F\u00fcr R\u00fcckfragen stehe ich Ihnen gern zur Verf\u00fcgung. Bitte leiten Sie diese Einladung zur Teilnahme auch weiter!<\/p>\n","protected":false},"excerpt":{"rendered":"<p>Liebe Sch\u00fclerinnen und Sch\u00fcler, liebe Kolleginnen und Kollegen der Schulen mit bilingual deutsch-italienischer Sektion oder mit Italienischunterricht, Wir laden Sie herzlich ein zur Teilnahme an der Veranstaltung \u201eGiornata dei valori democratici\u201c am 25.03.2026 zum Thema \u201eDONNE E DIRITTI, UN PERCORSO DI\u2026\u201c . Diese Veranstaltung wird ausgerichtet von ANPI (Associazione Nazionale Partigiani d&#8217;Italia Germania) in Kooperation [&hellip;]<\/p>\n","protected":false},"author":1,"featured_media":0,"parent":0,"menu_order":0,"comment_status":"closed","ping_status":"closed","template":"","meta":{"footnotes":""},"class_list":["post-49","page","type-page","status-publish","hentry"],"_links":{"self":[{"href":"https:\/\/www.bilingua-ev.eu\/wordpress\/index.php?rest_route=\/wp\/v2\/pages\/49","targetHints":{"allow":["GET"]}}],"collection":[{"href":"https:\/\/www.bilingua-ev.eu\/wordpress\/index.php?rest_route=\/wp\/v2\/pages"}],"about":[{"href":"https:\/\/www.bilingua-ev.eu\/wordpress\/index.php?rest_route=\/wp\/v2\/types\/page"}],"author":[{"embeddable":true,"href":"https:\/\/www.bilingua-ev.eu\/wordpress\/index.php?rest_route=\/wp\/v2\/users\/1"}],"replies":[{"embeddable":true,"href":"https:\/\/www.bilingua-ev.eu\/wordpress\/index.php?rest_route=%2Fwp%2Fv2%2Fcomments&post=49"}],"version-history":[{"count":1,"href":"https:\/\/www.bilingua-ev.eu\/wordpress\/index.php?rest_route=\/wp\/v2\/pages\/49\/revisions"}],"predecessor-version":[{"id":50,"href":"https:\/\/www.bilingua-ev.eu\/wordpress\/index.php?rest_route=\/wp\/v2\/pages\/49\/revisions\/50"}],"wp:attachment":[{"href":"https:\/\/www.bilingua-ev.eu\/wordpress\/index.php?rest_route=%2Fwp%2Fv2%2Fmedia&parent=49"}],"curies":[{"name":"wp","href":"https:\/\/api.w.org\/{rel}","templated":true}]}}