{"id":51,"date":"2026-02-22T15:06:11","date_gmt":"2026-02-22T14:06:11","guid":{"rendered":"https:\/\/www.bilingua-ev.eu\/wordpress\/?page_id=51"},"modified":"2026-02-22T18:53:26","modified_gmt":"2026-02-22T17:53:26","slug":"werden-sie-mitglied","status":"publish","type":"page","link":"https:\/\/www.bilingua-ev.eu\/wordpress\/?page_id=51","title":{"rendered":"Werden Sie Mitglied"},"content":{"rendered":"\n<p>Unterst\u00fctzen Sie unseren gemeinn\u00fctzigen Verein und st\u00e4rken Sie das deutsch-italienische Bildungsangebot in Deutschland: Wir vernetzen Schulen, bringen Sch\u00fclerinnen und Sch\u00fcler in Austausch, f\u00f6rdern gemeinsame Projekte und Wettbewerbe und schaffen Raum f\u00fcr Begegnung \u2013 vor Ort und digital.<\/p>\n\n\n\n<p>Als Mitglied helfen Sie mit, Fortbildungen f\u00fcr Lehrkr\u00e4fte zu erm\u00f6glichen, Unterrichtsmaterialien zu teilen und weiterzuentwickeln sowie Eltern und Elternvereine miteinander zu verbinden.<\/p>\n\n\n\n<p><strong>Mitglied werden k\u00f6nnen Sie in drei Formen:<\/strong><\/p>\n\n\n\n<ul class=\"wp-block-list\">\n<li><strong>Arbeitskreis Schule<\/strong> (Lehrkr\u00e4fte, Hochschullehrende, Bildungsverwaltung): Austausch, Fortbildungen, Materialien, Curricula.<\/li>\n\n\n\n<li><strong>Elternvereinigung<\/strong>: Vernetzung von Eltern(vereinen), Erfahrungsaustausch und gemeinsame Initiativen.<\/li>\n\n\n\n<li><strong>F\u00f6rderndes Mitglied<\/strong>: Sie unterst\u00fctzen unsere Ziele ideell und finanziell \u2013 auch ohne aktive Mitarbeit.<\/li>\n<\/ul>\n\n\n\n<p><strong>F\u00fcllen Sie unseren Mitgliedsantrag aus \u2013 der Mitgliedsbeitrag betr\u00e4gt 20 \u20ac pro Jahr.<\/strong><\/p>\n\n\n\n<div class=\"wp-block-buttons is-content-justification-center is-layout-flex wp-container-core-buttons-is-layout-a89b3969 wp-block-buttons-is-layout-flex\">\n<div class=\"wp-block-button\"><a class=\"wp-block-button__link wp-element-button\" href=\"https:\/\/www.bilingua-ev.eu\/wordpress\/wp-content\/uploads\/2026\/02\/Mitgliedsantrag.pdf\">Mitgliedsantrag<\/a><\/div>\n<\/div>\n\n\n\n<p>Machen Sie mit und werden Sie Teil des Netzwerks \u2013 f\u00fcr mehr Austausch, mehr Sichtbarkeit und mehr M\u00f6glichkeiten im bilingualen deutsch-italienischen Bildungsweg.<\/p>\n","protected":false},"excerpt":{"rendered":"<p>Unterst\u00fctzen Sie unseren gemeinn\u00fctzigen Verein und st\u00e4rken Sie das deutsch-italienische Bildungsangebot in Deutschland: Wir vernetzen Schulen, bringen Sch\u00fclerinnen und Sch\u00fcler in Austausch, f\u00f6rdern gemeinsame Projekte und Wettbewerbe und schaffen Raum f\u00fcr Begegnung \u2013 vor Ort und digital. Als Mitglied helfen Sie mit, Fortbildungen f\u00fcr Lehrkr\u00e4fte zu erm\u00f6glichen, Unterrichtsmaterialien zu teilen und weiterzuentwickeln sowie Eltern und [&hellip;]<\/p>\n","protected":false},"author":1,"featured_media":0,"parent":0,"menu_order":0,"comment_status":"closed","ping_status":"closed","template":"","meta":{"footnotes":""},"class_list":["post-51","page","type-page","status-publish","hentry"],"_links":{"self":[{"href":"https:\/\/www.bilingua-ev.eu\/wordpress\/index.php?rest_route=\/wp\/v2\/pages\/51","targetHints":{"allow":["GET"]}}],"collection":[{"href":"https:\/\/www.bilingua-ev.eu\/wordpress\/index.php?rest_route=\/wp\/v2\/pages"}],"about":[{"href":"https:\/\/www.bilingua-ev.eu\/wordpress\/index.php?rest_route=\/wp\/v2\/types\/page"}],"author":[{"embeddable":true,"href":"https:\/\/www.bilingua-ev.eu\/wordpress\/index.php?rest_route=\/wp\/v2\/users\/1"}],"replies":[{"embeddable":true,"href":"https:\/\/www.bilingua-ev.eu\/wordpress\/index.php?rest_route=%2Fwp%2Fv2%2Fcomments&post=51"}],"version-history":[{"count":4,"href":"https:\/\/www.bilingua-ev.eu\/wordpress\/index.php?rest_route=\/wp\/v2\/pages\/51\/revisions"}],"predecessor-version":[{"id":85,"href":"https:\/\/www.bilingua-ev.eu\/wordpress\/index.php?rest_route=\/wp\/v2\/pages\/51\/revisions\/85"}],"wp:attachment":[{"href":"https:\/\/www.bilingua-ev.eu\/wordpress\/index.php?rest_route=%2Fwp%2Fv2%2Fmedia&parent=51"}],"curies":[{"name":"wp","href":"https:\/\/api.w.org\/{rel}","templated":true}]}}