{"id":72,"date":"2026-02-22T17:56:39","date_gmt":"2026-02-22T16:56:39","guid":{"rendered":"https:\/\/www.bilingua-ev.eu\/wordpress\/?page_id=72"},"modified":"2026-02-22T20:52:04","modified_gmt":"2026-02-22T19:52:04","slug":"spenden","status":"publish","type":"page","link":"https:\/\/www.bilingua-ev.eu\/wordpress\/?page_id=72","title":{"rendered":"Spenden"},"content":{"rendered":"\n<p>Unterst\u00fctzen Sie die Arbeit von Bilingua e.V. \u2013 wir sind als gemeinn\u00fctzig anerkannt und <strong>in Frankfurt am Main im Vereinsregister unter VR 17533 eingetragen<\/strong> und d\u00fcrfen Spendenbescheinigungen ausstellen.<\/p>\n\n\n\n<p>F\u00fcr Spenden <strong>bis 300 \u20ac<\/strong> reicht in der Regel der <strong>Kontoauszug<\/strong> als Nachweis beim Finanzamt aus. Bei <strong>h\u00f6heren Betr\u00e4gen<\/strong> stellen wir Ihnen <strong>sehr gerne eine Spendenquittung<\/strong> aus.<\/p>\n\n\n\n<p>Bitte senden Sie daf\u00fcr <strong>zus\u00e4tzlich eine E-Mail an <a>info@bilingua-ev.eu<\/a><\/strong> mit Ihrer <strong>vollst\u00e4ndigen Anschrift<\/strong>, damit wir die Spendenbescheinigung korrekt ausstellen k\u00f6nnen und wissen, <strong>auf welchen Namen<\/strong> sie ausgestellt werden soll.<\/p>\n\n\n\n<p>Bitte \u00fcberweisen Sie Ihre Spende mit dem Verwendungszweck <strong>\u201eSpende\u201c<\/strong> auf folgendes Konto:<\/p>\n\n\n\n<h4 class=\"wp-block-heading\">Kontodaten<\/h4>\n\n\n\n<p><strong>IBAN:<\/strong> DE16 5019 0000 6000 5266 39<br><strong>BIC:<\/strong> FFVBDEFF<br><strong>Kontoinhaber:<\/strong> Bilingua &#8211; Verein der Freunde und F\u00f6rderer der Schulen mit zweisprachig deutsch-italienischem Zug in Deutschland e.V.<\/p>\n\n\n\n<p>Herzlichen Dank f\u00fcr Ihre Unterst\u00fctzung!<\/p>\n","protected":false},"excerpt":{"rendered":"<p>Unterst\u00fctzen Sie die Arbeit von Bilingua e.V. \u2013 wir sind als gemeinn\u00fctzig anerkannt und in Frankfurt am Main im Vereinsregister unter VR 17533 eingetragen und d\u00fcrfen Spendenbescheinigungen ausstellen. F\u00fcr Spenden bis 300 \u20ac reicht in der Regel der Kontoauszug als Nachweis beim Finanzamt aus. Bei h\u00f6heren Betr\u00e4gen stellen wir Ihnen sehr gerne eine Spendenquittung aus. [&hellip;]<\/p>\n","protected":false},"author":1,"featured_media":0,"parent":0,"menu_order":0,"comment_status":"closed","ping_status":"closed","template":"","meta":{"footnotes":""},"class_list":["post-72","page","type-page","status-publish","hentry"],"_links":{"self":[{"href":"https:\/\/www.bilingua-ev.eu\/wordpress\/index.php?rest_route=\/wp\/v2\/pages\/72","targetHints":{"allow":["GET"]}}],"collection":[{"href":"https:\/\/www.bilingua-ev.eu\/wordpress\/index.php?rest_route=\/wp\/v2\/pages"}],"about":[{"href":"https:\/\/www.bilingua-ev.eu\/wordpress\/index.php?rest_route=\/wp\/v2\/types\/page"}],"author":[{"embeddable":true,"href":"https:\/\/www.bilingua-ev.eu\/wordpress\/index.php?rest_route=\/wp\/v2\/users\/1"}],"replies":[{"embeddable":true,"href":"https:\/\/www.bilingua-ev.eu\/wordpress\/index.php?rest_route=%2Fwp%2Fv2%2Fcomments&post=72"}],"version-history":[{"count":4,"href":"https:\/\/www.bilingua-ev.eu\/wordpress\/index.php?rest_route=\/wp\/v2\/pages\/72\/revisions"}],"predecessor-version":[{"id":99,"href":"https:\/\/www.bilingua-ev.eu\/wordpress\/index.php?rest_route=\/wp\/v2\/pages\/72\/revisions\/99"}],"wp:attachment":[{"href":"https:\/\/www.bilingua-ev.eu\/wordpress\/index.php?rest_route=%2Fwp%2Fv2%2Fmedia&parent=72"}],"curies":[{"name":"wp","href":"https:\/\/api.w.org\/{rel}","templated":true}]}}