{"id":91,"date":"2026-02-22T19:46:59","date_gmt":"2026-02-22T18:46:59","guid":{"rendered":"https:\/\/www.bilingua-ev.eu\/wordpress\/?page_id=91"},"modified":"2026-03-10T12:49:48","modified_gmt":"2026-03-10T11:49:48","slug":"impressum","status":"publish","type":"page","link":"https:\/\/www.bilingua-ev.eu\/wordpress\/?page_id=91","title":{"rendered":"Impressum"},"content":{"rendered":"\n<p>Angaben gem\u00e4\u00df \u00a7 5 TMG \/ \u00a7 18 MStV<\/p>\n\n\n\n<p><strong>Anbieter:<\/strong><br>Bilingua e.V.<br>[Adresse: Stra\u00dfe Hausnr., PLZ Ort], Deutschland<\/p>\n\n\n\n<p><strong>Vertreten durch den Vorstand:<\/strong><br>1. Vorsitzender Procolino Antacido, Stellv. Vorsitzende Pamela Garigli, Schatzmeisterin Ute Scherf-Schmidt, Vorstand<\/p>\n\n\n\n<p><strong>Kontakt:<\/strong><br>E-Mail: <a href=\"mailto:info@bilingua-ev.eu\">info@bilingua-ev.eu<\/a><\/p>\n\n\n\n<p><strong>Vereinsregister:<\/strong><br>Eingetragen im Vereinsregister beim Amtsgericht Frankfurt am Main<br>Registernummer: VR 17533<\/p>\n\n\n\n<p><strong>Verantwortlich f\u00fcr den Inhalt nach \u00a7 18 Abs. 2 MStV:<\/strong><br>1. Vorsitzender Procolino Antacido, Stellv. Vorsitzende Pamela Garigli, Schatzmeisterin Ute Scherf-Schmidt, Vorstand<\/p>\n\n\n\n<p><strong>Haftung f\u00fcr Inhalte \/ Links:<\/strong><br>Trotz sorgf\u00e4ltiger inhaltlicher Kontrolle \u00fcbernehmen wir keine Haftung f\u00fcr externe Links. F\u00fcr den Inhalt der verlinkten Seiten sind ausschlie\u00dflich deren Betreiber verantwortlich.<\/p>\n\n\n\n<p><strong>Urheberrecht:<\/strong><br>Die Inhalte dieser Website unterliegen dem deutschen Urheberrecht. Jede Verwendung au\u00dferhalb der Grenzen des Urheberrechts bedarf der vorherigen Zustimmung.<\/p>\n","protected":false},"excerpt":{"rendered":"<p>Angaben gem\u00e4\u00df \u00a7 5 TMG \/ \u00a7 18 MStV Anbieter:Bilingua e.V.[Adresse: Stra\u00dfe Hausnr., PLZ Ort], Deutschland Vertreten durch den Vorstand:1. Vorsitzender Procolino Antacido, Stellv. Vorsitzende Pamela Garigli, Schatzmeisterin Ute Scherf-Schmidt, Vorstand Kontakt:E-Mail: info@bilingua-ev.eu Vereinsregister:Eingetragen im Vereinsregister beim Amtsgericht Frankfurt am MainRegisternummer: VR 17533 Verantwortlich f\u00fcr den Inhalt nach \u00a7 18 Abs. 2 MStV:1. Vorsitzender Procolino [&hellip;]<\/p>\n","protected":false},"author":1,"featured_media":0,"parent":0,"menu_order":0,"comment_status":"closed","ping_status":"closed","template":"","meta":{"footnotes":""},"class_list":["post-91","page","type-page","status-publish","hentry"],"_links":{"self":[{"href":"https:\/\/www.bilingua-ev.eu\/wordpress\/index.php?rest_route=\/wp\/v2\/pages\/91","targetHints":{"allow":["GET"]}}],"collection":[{"href":"https:\/\/www.bilingua-ev.eu\/wordpress\/index.php?rest_route=\/wp\/v2\/pages"}],"about":[{"href":"https:\/\/www.bilingua-ev.eu\/wordpress\/index.php?rest_route=\/wp\/v2\/types\/page"}],"author":[{"embeddable":true,"href":"https:\/\/www.bilingua-ev.eu\/wordpress\/index.php?rest_route=\/wp\/v2\/users\/1"}],"replies":[{"embeddable":true,"href":"https:\/\/www.bilingua-ev.eu\/wordpress\/index.php?rest_route=%2Fwp%2Fv2%2Fcomments&post=91"}],"version-history":[{"count":2,"href":"https:\/\/www.bilingua-ev.eu\/wordpress\/index.php?rest_route=\/wp\/v2\/pages\/91\/revisions"}],"predecessor-version":[{"id":101,"href":"https:\/\/www.bilingua-ev.eu\/wordpress\/index.php?rest_route=\/wp\/v2\/pages\/91\/revisions\/101"}],"wp:attachment":[{"href":"https:\/\/www.bilingua-ev.eu\/wordpress\/index.php?rest_route=%2Fwp%2Fv2%2Fmedia&parent=91"}],"curies":[{"name":"wp","href":"https:\/\/api.w.org\/{rel}","templated":true}]}}